{"id":2761,"date":"2022-03-16T09:46:45","date_gmt":"2022-03-16T08:46:45","guid":{"rendered":"https:\/\/www.hrcapital.it\/cookie-policy\/"},"modified":"2022-08-09T11:04:52","modified_gmt":"2022-08-09T09:04:52","slug":"cookie-policy","status":"publish","type":"page","link":"https:\/\/www.hrcapital.it\/en\/cookie-policy\/","title":{"rendered":"Cookie Policy"},"content":{"rendered":"\n<p>La presente informativa, fornita ai sensi degli artt. 13 e 14 del Regolamento Europeo 2016\/679 in materia di protezione dei dati personali (il \u201c<strong><em>Regolamento<\/em><\/strong>\u201d), ha lo scopo di descrivere (i) le modalit\u00e0 di utilizzo dei cookie presenti sul sito <strong><u>www.hrcapital.it<\/u><\/strong> (il \u201c<strong><em>Sito<\/em><\/strong>\u201d) nonch\u00e9 (ii) i trattamenti dei dati personali degli utenti che lo consultano.<\/p>\n\n\n\n<p>I dati personali forniti attraverso il Sito vengono trattati da HR Capital S.r.l. al fine di:<\/p>\n\n\n\n<ul class=\"wp-block-list\"><li>permettere la navigazione attraverso le pagine web del Sito;<\/li><li>verificare il corretto funzionamento del Sito;<\/li><li>ricavare informazioni statistiche anonime sull\u2019uso del Sito o sulle aree geografiche di provenienza;<\/li><li>controllare il corretto funzionamento del Sito nonch\u00e9<\/li><li>accertare responsabilit\u00e0 in caso di ipotetici reati informatici ai danni del Sito.<\/li><\/ul>\n\n\n\n<p>Tali dati vengono trattati in base al consenso dell\u2019interessato durante l\u2019esperienza di navigazione e manifestato in occasione della consultazione del Sito, che pu\u00f2 essere revocato in ogni momento. L\u2019utente potr\u00e0 conferire i propri dati personali per la fruizione di altri servizi offerti nel Sito, per i quali si rinvia alla apposita <a href=\"https:\/\/www.hrcapital.it\/privacy-policy\" target=\"_blank\" rel=\"noreferrer noopener\">Privacy Policy<\/a>.<\/p>\n\n\n\n<p>Il conferimento di dati personali raccolti attraverso il Sito \u00e8 facoltativo. Tuttavia, in caso di mancato conferimento l\u2019esperienza di navigazione nel Sito potrebbe essere compromessa.<\/p>\n\n\n\n<p>Considerato lo stato attuale di evoluzione della normativa in materia di protezione dei dati personali, si comunica che la presente Policy potr\u00e0 essere soggetta ad aggiornamenti. Per ulteriori informazioni si rinvia alla <a href=\"https:\/\/www.hrcapital.it\/privacy-policy\" target=\"_blank\" rel=\"noreferrer noopener\">Privacy Policy<\/a>.<\/p>\n\n\n\n<p><strong><u>INFORMAZIONI RELATIVE AI COOKIE:<\/u><\/strong> un Cookie \u00e8 un piccolo file di testo che un sito web salva sul browser del computer dell\u2019utente collegato. Solitamente i Cookie consentono di memorizzare le preferenze espresse dall\u2019utente per non dover essere reinserite successivamente. Il browser salva l\u2019informazione e la ritrasmette al Server del sito nel momento in cui l\u2019utente visita nuovamente quel sito web.<\/p>\n\n\n\n<p>I Cookie possono essere di prima o di terza parte, dove per \u201c<em><u>prima parte<\/u><\/em>\u201d si intendono i Cookie che riportano come dominio il sito, mentre per \u201c<em><u>terza parte<\/u><\/em>\u201d si intendono i Cookie che sono relativi a domini esterni. I Cookie di terza parte sono necessariamente installati da un soggetto esterno, sempre definito come \u201c<em>terza parte<\/em>\u201d, non gestito dal sito. Tali soggetti possono eventualmente installare anche Cookie di prima parte, salvando sul dominio del sito i propri Cookie. I Cookie, inoltre, hanno una durata dettata dalla data di scadenza (o da un\u2019azione specifica come la chiusura del browser) impostata al momento dell\u2019installazione.<\/p>\n\n\n\n<p>I Cookie possono essere:<\/p>\n\n\n\n<ol class=\"wp-block-list\"><li>temporanei o di sessione (session Cookie): sono utilizzati per archiviare informazioni temporanee, consentono di collegare le azioni eseguite durante una sessione specifica e vengono rimossi dal computer alla chiusura del browser;<\/li><li>permanenti (persistent Cookie): sono utilizzati per archiviare informazioni, ad esempio il nome e la password di accesso, in modo da evitare che l\u2019utente debba digitarli nuovamente ogni volta che visita un sito specifico. Questi rimangono memorizzati nel computer anche dopo aver chiuso il browser.<\/li><\/ol>\n\n\n\n<p>Relativamente alla natura dei Cookie, ne esistono di diversi tipi:<\/p>\n\n\n\n<ol class=\"wp-block-list\"><li><strong>Cookie tecnici<\/strong>: utilizzati al solo fine di erogare il servizio richiesto dall\u2019utente che si collega al sito web ed istallati direttamente dal gestore del sito.<br>Possono essere suddivisi in:<ul><li>Cookie di navigazione o di sessione: garantiscono la normale navigazione e fruizione del sito web (permettendo, ad esempio, di realizzare un acquisto o autenticarsi per accedere ad aree riservate); essi sono di fatto necessari per il corretto funzionamento del sito;<\/li><li>Cookie analytics: sono assimilati ai Cookie tecnici laddove utilizzati direttamente dal gestore del sito per raccogliere informazioni, in forma aggregata, sul numero degli utenti e su come questi visitano il sito stesso, al fine di migliorarne le performance;<\/li><li>Cookie di funzionalit\u00e0: permettono all\u2019utente la navigazione in funzione di una serie di criteri selezionati (ad esempio, la lingua, i prodotti selezionati per l\u2019acquisto) al fine di migliorare il servizio reso allo stesso.<br>Per l\u2019installazione di tali Cookie non \u00e8 richiesto il preventivo consenso degli utenti.<\/li><\/ul><\/li><li>Cookie di profilazione: sono volti a creare profili relativi all\u2019utente e vengono utilizzati al fine di inviare messaggi pubblicitari in linea con le preferenze manifestate dallo stesso nell\u2019ambito della navigazione in rete.<br>Per l\u2019utilizzo dei Cookie di profilazione \u00e8 richiesto il consenso dell\u2019interessato. La normativa applicabile prevede che l\u2019utente possa autorizzare o negare il consenso all\u2019installazione dei Cookie.<\/li><\/ol>\n\n\n\n<p>In caso di Cookie di terze parti, il sito non ha un controllo diretto dei singoli Cookie e non pu\u00f2 controllarli (non pu\u00f2 n\u00e9 installarli direttamente o cancellarli). In ogni caso, \u00e8 possibile gestire questi Cookie attraverso le impostazioni del browser.<\/p>\n\n\n\n<p>L\u2019utente pu\u00f2:<\/p>\n\n\n\n<ul class=\"wp-block-list\"><li>consultare l\u2019informativa privacy di Google Inc. sul servizio Google Analytics, al link <a href=\"https:\/\/support.google.com\/analytics\/answer\/6004245\" target=\"_blank\" rel=\"noreferrer noopener\">https:\/\/support.google.com\/analytics\/answer\/6004245<\/a>;<\/li><li>rifiutare l\u2019utilizzo dei Cookie Google Analytics, come indicato al link <a href=\"https:\/\/support.google.com\/analytics\/answer\/181881?hl=it,\" target=\"_blank\" rel=\"noreferrer noopener\">https:\/\/support.google.com\/analytics\/answer\/181881?hl=it<\/a>. \u00c8 necessario modificare la configurazione dei browser scaricando il componente aggiuntivo per la disattivazione del JavaScript di Google Analytics al link <a href=\"https:\/\/tools.google.com\/dlpage\/gaoptout\" target=\"_blank\" rel=\"noreferrer noopener\">https:\/\/tools.google.com\/dlpage\/gaoptout<\/a>;<\/li><li>scegliere quali Cookie autorizzare mediante le configurazioni dei propri browser:<ul><li>Microsoft Internet Explorer: <a href=\"https:\/\/support.microsoft.com\/it-it\/help\/17442\/windows-internet-explorer-delete-manage-cookies\" target=\"_blank\" rel=\"noreferrer noopener\">https:\/\/support.microsoft.com\/it-it\/help\/17442\/windows-internet-explorer-delete-manage-Cookies<\/a><\/li><li>Firefox: <a href=\"https:\/\/support.mozilla.org\/it\/kb\/Attivare%20e%20disattivare%20i%20Cookie\" target=\"_blank\" rel=\"noreferrer noopener\">https:\/\/support.mozilla.org\/it\/kb\/Attivare%20e%20disattivare%20i%20Cookie<\/a><\/li><li>Safari: <a href=\"https:\/\/support.apple.com\/kb\/ph21411?locale=it_IT\" target=\"_blank\" rel=\"noreferrer noopener\">https:\/\/support.apple.com\/kb\/ph21411?locale=it_IT<\/a><\/li><li>Google Chrome: <a href=\"https:\/\/support.google.com\/chrome\/answer\/95647?co=GENIE.Platform%3DDesktop&amp;hl=it\" target=\"_blank\" rel=\"noreferrer noopener\">https:\/\/support.google.com\/chrome\/answer\/95647?co=GENIE.Platform%3DDesktop&amp;hl=it<\/a><\/li><li>Opera: <a href=\"http:\/\/help.opera.com\/Windows\/10.00\/it\/Cookies.html\" target=\"_blank\" rel=\"noreferrer noopener\">http:\/\/help.opera.com\/Windows\/10.00\/it\/Cookies.html<\/a>.<\/li><\/ul><\/li><\/ul>\n\n\n\t\t<script id=\"CookieDeclaration\" src=\"https:\/\/consent.cookiebot.com\/4e7715f3-31e1-4df1-90a7-05ec8d36b95b\/cd.js\" type=\"text\/javascript\" async><\/script>\n        \n","protected":false},"excerpt":{"rendered":"<p>La presente informativa, fornita ai sensi degli artt. 13 e 14 del Regolamento Europeo 2016\/679 in materia di protezione dei dati personali (il \u201cRegolamento\u201d), ha lo scopo di descrivere (i) le modalit\u00e0 di utilizzo dei cookie presenti sul sito www.hrcapital.it (il \u201cSito\u201d) nonch\u00e9 (ii) i trattamenti dei dati personali degli utenti che lo consultano. I [&hellip;]<\/p>\n","protected":false},"author":1,"featured_media":1276,"parent":0,"menu_order":9,"comment_status":"closed","ping_status":"closed","template":"","meta":{"_acf_changed":false,"footnotes":""},"class_list":["post-2761","page","type-page","status-publish","has-post-thumbnail","hentry"],"acf":{"page_subtitle":""},"yoast_head":"<!-- This site is optimized with the Yoast SEO plugin v27.5 - https:\/\/yoast.com\/product\/yoast-seo-wordpress\/ -->\n<title>Cookie Policy - HR Capital<\/title>\n<meta name=\"robots\" content=\"index, follow, max-snippet:-1, max-image-preview:large, max-video-preview:-1\" \/>\n<link rel=\"canonical\" href=\"https:\/\/www.hrcapital.it\/en\/cookie-policy\/\" \/>\n<meta property=\"og:locale\" content=\"en_US\" \/>\n<meta property=\"og:type\" content=\"article\" \/>\n<meta property=\"og:title\" content=\"Cookie Policy - HR Capital\" \/>\n<meta property=\"og:description\" content=\"La presente informativa, fornita ai sensi degli artt. 13 e 14 del Regolamento Europeo 2016\/679 in materia di protezione dei dati personali (il \u201cRegolamento\u201d), ha lo scopo di descrivere (i) le modalit\u00e0 di utilizzo dei cookie presenti sul sito www.hrcapital.it (il \u201cSito\u201d) nonch\u00e9 (ii) i trattamenti dei dati personali degli utenti che lo consultano. I [&hellip;]\" \/>\n<meta property=\"og:url\" content=\"https:\/\/www.hrcapital.it\/en\/cookie-policy\/\" \/>\n<meta property=\"og:site_name\" content=\"HR Capital\" \/>\n<meta property=\"article:modified_time\" content=\"2022-08-09T09:04:52+00:00\" \/>\n<meta property=\"og:image\" content=\"https:\/\/www.hrcapital.it\/wp-content\/uploads\/2022\/02\/bg-privacy-policy.jpg\" \/>\n\t<meta property=\"og:image:width\" content=\"2560\" \/>\n\t<meta property=\"og:image:height\" content=\"409\" \/>\n\t<meta property=\"og:image:type\" content=\"image\/jpeg\" \/>\n<meta name=\"twitter:card\" content=\"summary_large_image\" \/>\n<script type=\"application\/ld+json\" class=\"yoast-schema-graph\">{\"@context\":\"https:\\\/\\\/schema.org\",\"@graph\":[{\"@type\":\"WebPage\",\"@id\":\"https:\\\/\\\/www.hrcapital.it\\\/en\\\/cookie-policy\\\/\",\"url\":\"https:\\\/\\\/www.hrcapital.it\\\/en\\\/cookie-policy\\\/\",\"name\":\"Cookie Policy - HR Capital\",\"isPartOf\":{\"@id\":\"https:\\\/\\\/www.hrcapital.it\\\/en\\\/#website\"},\"primaryImageOfPage\":{\"@id\":\"https:\\\/\\\/www.hrcapital.it\\\/en\\\/cookie-policy\\\/#primaryimage\"},\"image\":{\"@id\":\"https:\\\/\\\/www.hrcapital.it\\\/en\\\/cookie-policy\\\/#primaryimage\"},\"thumbnailUrl\":\"https:\\\/\\\/www.hrcapital.it\\\/wp-content\\\/uploads\\\/2022\\\/02\\\/bg-privacy-policy.jpg\",\"datePublished\":\"2022-03-16T08:46:45+00:00\",\"dateModified\":\"2022-08-09T09:04:52+00:00\",\"breadcrumb\":{\"@id\":\"https:\\\/\\\/www.hrcapital.it\\\/en\\\/cookie-policy\\\/#breadcrumb\"},\"inLanguage\":\"en-US\",\"potentialAction\":[{\"@type\":\"ReadAction\",\"target\":[\"https:\\\/\\\/www.hrcapital.it\\\/en\\\/cookie-policy\\\/\"]}]},{\"@type\":\"ImageObject\",\"inLanguage\":\"en-US\",\"@id\":\"https:\\\/\\\/www.hrcapital.it\\\/en\\\/cookie-policy\\\/#primaryimage\",\"url\":\"https:\\\/\\\/www.hrcapital.it\\\/wp-content\\\/uploads\\\/2022\\\/02\\\/bg-privacy-policy.jpg\",\"contentUrl\":\"https:\\\/\\\/www.hrcapital.it\\\/wp-content\\\/uploads\\\/2022\\\/02\\\/bg-privacy-policy.jpg\",\"width\":2560,\"height\":409},{\"@type\":\"BreadcrumbList\",\"@id\":\"https:\\\/\\\/www.hrcapital.it\\\/en\\\/cookie-policy\\\/#breadcrumb\",\"itemListElement\":[{\"@type\":\"ListItem\",\"position\":1,\"name\":\"Home\",\"item\":\"https:\\\/\\\/www.hrcapital.it\\\/en\\\/\"},{\"@type\":\"ListItem\",\"position\":2,\"name\":\"Cookie Policy\"}]},{\"@type\":\"WebSite\",\"@id\":\"https:\\\/\\\/www.hrcapital.it\\\/en\\\/#website\",\"url\":\"https:\\\/\\\/www.hrcapital.it\\\/en\\\/\",\"name\":\"HR Capital\",\"description\":\"HR Advisor &amp; Payroll\",\"publisher\":{\"@id\":\"https:\\\/\\\/www.hrcapital.it\\\/en\\\/#organization\"},\"potentialAction\":[{\"@type\":\"SearchAction\",\"target\":{\"@type\":\"EntryPoint\",\"urlTemplate\":\"https:\\\/\\\/www.hrcapital.it\\\/en\\\/?s={search_term_string}\"},\"query-input\":{\"@type\":\"PropertyValueSpecification\",\"valueRequired\":true,\"valueName\":\"search_term_string\"}}],\"inLanguage\":\"en-US\"},{\"@type\":\"Organization\",\"@id\":\"https:\\\/\\\/www.hrcapital.it\\\/en\\\/#organization\",\"name\":\"HR Capital\",\"url\":\"https:\\\/\\\/www.hrcapital.it\\\/en\\\/\",\"logo\":{\"@type\":\"ImageObject\",\"inLanguage\":\"en-US\",\"@id\":\"https:\\\/\\\/www.hrcapital.it\\\/en\\\/#\\\/schema\\\/logo\\\/image\\\/\",\"url\":\"https:\\\/\\\/www.hrcapital.it\\\/wp-content\\\/uploads\\\/2022\\\/03\\\/nuovologohr.png\",\"contentUrl\":\"https:\\\/\\\/www.hrcapital.it\\\/wp-content\\\/uploads\\\/2022\\\/03\\\/nuovologohr.png\",\"width\":270,\"height\":65,\"caption\":\"HR Capital\"},\"image\":{\"@id\":\"https:\\\/\\\/www.hrcapital.it\\\/en\\\/#\\\/schema\\\/logo\\\/image\\\/\"},\"sameAs\":[\"https:\\\/\\\/www.linkedin.com\\\/company\\\/hr-capital-s-r-l-\"]}]}<\/script>\n<!-- \/ Yoast SEO plugin. -->","yoast_head_json":{"title":"Cookie Policy - HR Capital","robots":{"index":"index","follow":"follow","max-snippet":"max-snippet:-1","max-image-preview":"max-image-preview:large","max-video-preview":"max-video-preview:-1"},"canonical":"https:\/\/www.hrcapital.it\/en\/cookie-policy\/","og_locale":"en_US","og_type":"article","og_title":"Cookie Policy - HR Capital","og_description":"La presente informativa, fornita ai sensi degli artt. 13 e 14 del Regolamento Europeo 2016\/679 in materia di protezione dei dati personali (il \u201cRegolamento\u201d), ha lo scopo di descrivere (i) le modalit\u00e0 di utilizzo dei cookie presenti sul sito www.hrcapital.it (il \u201cSito\u201d) nonch\u00e9 (ii) i trattamenti dei dati personali degli utenti che lo consultano. I [&hellip;]","og_url":"https:\/\/www.hrcapital.it\/en\/cookie-policy\/","og_site_name":"HR Capital","article_modified_time":"2022-08-09T09:04:52+00:00","og_image":[{"width":2560,"height":409,"url":"https:\/\/www.hrcapital.it\/wp-content\/uploads\/2022\/02\/bg-privacy-policy.jpg","type":"image\/jpeg"}],"twitter_card":"summary_large_image","schema":{"@context":"https:\/\/schema.org","@graph":[{"@type":"WebPage","@id":"https:\/\/www.hrcapital.it\/en\/cookie-policy\/","url":"https:\/\/www.hrcapital.it\/en\/cookie-policy\/","name":"Cookie Policy - HR Capital","isPartOf":{"@id":"https:\/\/www.hrcapital.it\/en\/#website"},"primaryImageOfPage":{"@id":"https:\/\/www.hrcapital.it\/en\/cookie-policy\/#primaryimage"},"image":{"@id":"https:\/\/www.hrcapital.it\/en\/cookie-policy\/#primaryimage"},"thumbnailUrl":"https:\/\/www.hrcapital.it\/wp-content\/uploads\/2022\/02\/bg-privacy-policy.jpg","datePublished":"2022-03-16T08:46:45+00:00","dateModified":"2022-08-09T09:04:52+00:00","breadcrumb":{"@id":"https:\/\/www.hrcapital.it\/en\/cookie-policy\/#breadcrumb"},"inLanguage":"en-US","potentialAction":[{"@type":"ReadAction","target":["https:\/\/www.hrcapital.it\/en\/cookie-policy\/"]}]},{"@type":"ImageObject","inLanguage":"en-US","@id":"https:\/\/www.hrcapital.it\/en\/cookie-policy\/#primaryimage","url":"https:\/\/www.hrcapital.it\/wp-content\/uploads\/2022\/02\/bg-privacy-policy.jpg","contentUrl":"https:\/\/www.hrcapital.it\/wp-content\/uploads\/2022\/02\/bg-privacy-policy.jpg","width":2560,"height":409},{"@type":"BreadcrumbList","@id":"https:\/\/www.hrcapital.it\/en\/cookie-policy\/#breadcrumb","itemListElement":[{"@type":"ListItem","position":1,"name":"Home","item":"https:\/\/www.hrcapital.it\/en\/"},{"@type":"ListItem","position":2,"name":"Cookie Policy"}]},{"@type":"WebSite","@id":"https:\/\/www.hrcapital.it\/en\/#website","url":"https:\/\/www.hrcapital.it\/en\/","name":"HR Capital","description":"HR Advisor &amp; Payroll","publisher":{"@id":"https:\/\/www.hrcapital.it\/en\/#organization"},"potentialAction":[{"@type":"SearchAction","target":{"@type":"EntryPoint","urlTemplate":"https:\/\/www.hrcapital.it\/en\/?s={search_term_string}"},"query-input":{"@type":"PropertyValueSpecification","valueRequired":true,"valueName":"search_term_string"}}],"inLanguage":"en-US"},{"@type":"Organization","@id":"https:\/\/www.hrcapital.it\/en\/#organization","name":"HR Capital","url":"https:\/\/www.hrcapital.it\/en\/","logo":{"@type":"ImageObject","inLanguage":"en-US","@id":"https:\/\/www.hrcapital.it\/en\/#\/schema\/logo\/image\/","url":"https:\/\/www.hrcapital.it\/wp-content\/uploads\/2022\/03\/nuovologohr.png","contentUrl":"https:\/\/www.hrcapital.it\/wp-content\/uploads\/2022\/03\/nuovologohr.png","width":270,"height":65,"caption":"HR Capital"},"image":{"@id":"https:\/\/www.hrcapital.it\/en\/#\/schema\/logo\/image\/"},"sameAs":["https:\/\/www.linkedin.com\/company\/hr-capital-s-r-l-"]}]}},"_links":{"self":[{"href":"https:\/\/www.hrcapital.it\/en\/wp-json\/wp\/v2\/pages\/2761","targetHints":{"allow":["GET"]}}],"collection":[{"href":"https:\/\/www.hrcapital.it\/en\/wp-json\/wp\/v2\/pages"}],"about":[{"href":"https:\/\/www.hrcapital.it\/en\/wp-json\/wp\/v2\/types\/page"}],"author":[{"embeddable":true,"href":"https:\/\/www.hrcapital.it\/en\/wp-json\/wp\/v2\/users\/1"}],"replies":[{"embeddable":true,"href":"https:\/\/www.hrcapital.it\/en\/wp-json\/wp\/v2\/comments?post=2761"}],"version-history":[{"count":3,"href":"https:\/\/www.hrcapital.it\/en\/wp-json\/wp\/v2\/pages\/2761\/revisions"}],"predecessor-version":[{"id":3931,"href":"https:\/\/www.hrcapital.it\/en\/wp-json\/wp\/v2\/pages\/2761\/revisions\/3931"}],"wp:featuredmedia":[{"embeddable":true,"href":"https:\/\/www.hrcapital.it\/en\/wp-json\/wp\/v2\/media\/1276"}],"wp:attachment":[{"href":"https:\/\/www.hrcapital.it\/en\/wp-json\/wp\/v2\/media?parent=2761"}],"curies":[{"name":"wp","href":"https:\/\/api.w.org\/{rel}","templated":true}]}}